{"id":381,"date":"2026-05-09T13:03:27","date_gmt":"2026-05-09T11:03:27","guid":{"rendered":"https:\/\/carljohanrehbinder.se\/?page_id=381"},"modified":"2026-05-09T14:18:08","modified_gmt":"2026-05-09T12:18:08","slug":"the-northman","status":"publish","type":"page","link":"https:\/\/carljohanrehbinder.se\/index.php\/annat-skrivande\/the-northman\/","title":{"rendered":"The Northman"},"content":{"rendered":"<p><strong>2025-05-08<br \/>\n<img loading=\"lazy\" decoding=\"async\" src=\"http:\/\/carljohanrehbinder.se\/wp-content\/uploads\/2023\/12\/smapunktlinje_584.gif\" alt=\"\" width=\"584\" height=\"8\" \/><\/strong><\/p>\n<p><img loading=\"lazy\" decoding=\"async\" src=\"http:\/\/carljohanrehbinder.se\/wp-content\/uploads\/2026\/05\/the_northman.jpg\" alt=\"\" width=\"584\" height=\"317\" \/><\/p>\n<p>The Northman m\u00e5ste vara en av de s\u00e4msta filmer jag har sett i hela mitt liv \u2013 och det vill inte s\u00e4ga lite! Jag har sett VANSINNIGT m\u00e5nga filmer genom \u00e5ren, och denna sunkrulle var s\u00e5 patetiskt skrattretande usel att jag av ren nyfikenhet lockades att se hela fr\u00e5n b\u00f6rjan till slut \u2013 hur d\u00e5ligt kan det egentligen bli?<\/p>\n<p>Detta groteska pekoral \u00e4r n\u00e5gon sorts surrealistisk vikingafantasy, med ett pseudopoetiskt manus av s\u00e4llsamt onaturligt slag, omv\u00e4xlande djuriska grymtanden och vr\u00e5l, med bisarrt h\u00f6gtravande repliker som \u00e4r fullkomligt om\u00f6jliga att s\u00e4ga p\u00e5 ett naturligt s\u00e4tt ens f\u00f6r de b\u00e4sta av sk\u00e5despelare. Allts\u00e5 s\u00e4ger man dem inte naturligt. Man reciterar, med melodramatiskt darr p\u00e5 r\u00f6sten, och grymtar, med krystade r\u00f6ster och \u00f6verdrivna vr\u00e5l \u2013 allt i milj\u00f6er och st\u00e4mningsl\u00e4gen som k\u00e4nns som en alldeles f\u00f6r l\u00e5ng mardr\u00f6m. <span class=\"x193iq5w xeuugli x13faqbe x1vvkbs xlh3980 xvmahel x1n0sxbx x1lliihq x1s928wv xhkezso x1gmr53x x1cpjm7i x1fgarty x1943h6x xudqn12 x3x7a5m x6prxxf xvq8zen xo1l8bm xzsf02u\" dir=\"auto\" lang=\"sv-SE\">Handlingen \u00e4r s\u00e5 ofattbart banal att man g\u00e4rna f\u00f6rtr\u00e4nger den. Klassisk h\u00e4mndhistoria, med mycket blod, knivar och sv\u00e4rd. Och s\u00e5 lite trollkonster med mystiska magiker. Underbart.<\/span><\/p>\n<p>Manusf\u00f6rfattaren m\u00e5ste ha \u00f6verdoserat p\u00e5 psykedelika av en extrem sort. Regiss\u00f6ren likas\u00e5. Det finns inte en enda replik som k\u00e4nns naturlig. Allt \u00e4r krystat och \u00f6verdrivet melodramatiskt. D\u00e4rtill ologiskt, och m\u00e5nga dramaturgiska \u00e5terv\u00e4ndsgr\u00e4nder. Fruktansv\u00e4rt d\u00e5ligt. Det enda positiva jag kan s\u00e4ga om denna film \u00e4r att en del f\u00f6rem\u00e5l \u00e4r historiskt riktiga. Det skymtar en korrekt sejdstav i en scen, t.ex., och jag ser korrekt utformade edsringar, och en del annat. Rekvisit\u00f6rerna har h\u00f6gst sannolikt studerat Neil Price bok &#8221;The Viking Way: Religion and War in Late Iron Age Scandinavia&#8221; \u2013 en bok som sj\u00e4lvklart finns i min bokhylla, j\u00e4mte hans nyare &#8221;Children of Ash and Elm: A History of the Vikings&#8221;. Snyggt, f\u00f6rvisso, men det r\u00e4cker liksom inte att en del rekvisita \u00e4r historiskt korrekt f\u00f6r att ber\u00e4tta en bra historia.<\/p>\n<p>Filmmakarna har p\u00e5 n\u00e5got m\u00e4rkligt s\u00e4tt lyckats att locka flera utm\u00e4rkta sk\u00e5despelare att delta i den h\u00e4r produktionen \u2013 Alexander Skarsg\u00e5rd, Nicole Kidman, Ethan Hawke, Willem Dafoe m.fl. Jag hoppas verkligen att de fick v\u00e4ldigt bra betalt, som kompensation f\u00f6r att ha deltagit i detta skamliga fiasko.<\/p>\n<p>Ingen av sk\u00e5despelarna g\u00f6r dock n\u00e5got st\u00f6rre intryck, vilket \u00e4r typiskt ett resultat av riktigt d\u00e5lig regi. Jag inser att jag till och med missade Willem Defoe \u2013 en av mina favoritsk\u00e5disar, som kan f\u00e5 vilken story som helst att lyfta \u2013 jag kan inte ens minnas vilken roll han spelade. Regin \u00e4r allts\u00e5 minst lika usel som manuset.<\/p>\n<p>Och om det onaturliga inte redan r\u00e4ckte, s\u00e5 har Nicole Kidman \u2013 som en g\u00e5ng var s\u00e5 vacker \u2013 f\u00f6rst\u00f6rt sitt ansikte med alldeles f\u00f6r mycket plastikkirurgi, s\u00e5pass att jag rycker bak\u00e5t lite, n\u00e4stan varje g\u00e5ng jag ser henne. Hon har f\u00e5tt n\u00e5got monstru\u00f6st och onaturligt \u00f6ver sig, som tyv\u00e4rr f\u00f6rst\u00e4rks av kontexten.<\/p>\n<p>Liksom i en hel del andra hoppl\u00f6st usla actionfilmer har man h\u00e4r ocks\u00e5 infogat en m\u00e4ngd extremt \u00f6verdrivna och d\u00e4rtill uselt koreograferade kampscener, som \u00e4r s\u00e5 l\u00f6jligt \u00f6verdrivna att det inte g\u00e5r att ta p\u00e5 allvar en enda sekund. Under slutscenen, d\u00e4r antagonisterna f\u00e4ktar med sv\u00e4rd intill en vulkan (skulle kunna vara hur dramatiskt\/vackert\/sp\u00e4nnande som helst), k\u00e4nner jag mig bara blas\u00e9 och uttr\u00e5kad. Det \u00e4r f\u00f6r mycket, bara, f\u00f6r l\u00f6jligt. Det g\u00e5r inte att ta p\u00e5 allvar.<\/p>\n<p>Mitt r\u00e5d \u2013 se inte denna film. Jag lovar att min recension \u00e4r hundra g\u00e5nger mer underh\u00e5llande \u00e4n filmen \u2013 och den g\u00e5r fortare att l\u00e4sa.<\/p>\n<p><strong>Carl Johan Rehbinder 2025<\/strong><\/p>\n<p>&nbsp;<\/p>\n<p><strong><img loading=\"lazy\" decoding=\"async\" src=\"http:\/\/carljohanrehbinder.se\/wp-content\/uploads\/2023\/08\/dotted_line.jpg\" alt=\"\" width=\"584\" height=\"19\" \/><br \/>\n<a href=\"https:\/\/carljohanrehbinder.se\/index.php\/annat-skrivande\/\">Tillbaka till Annan text \u00bb<\/a><\/strong><\/p>\n<p><img loading=\"lazy\" decoding=\"async\" src=\"http:\/\/carljohanrehbinder.se\/wp-content\/uploads\/2023\/08\/cjr_banner.jpg\" alt=\"\" width=\"584\" height=\"109\" \/><\/p>\n","protected":false},"excerpt":{"rendered":"<p>2025-05-08 The Northman m\u00e5ste vara en av de s\u00e4msta filmer jag har sett i hela mitt liv \u2013 och det vill inte s\u00e4ga lite! Jag har sett VANSINNIGT m\u00e5nga filmer genom \u00e5ren, och denna sunkrulle var s\u00e5 patetiskt skrattretande usel &hellip; <a href=\"https:\/\/carljohanrehbinder.se\/index.php\/annat-skrivande\/the-northman\/\">Forts\u00e4tt l\u00e4sa <span class=\"meta-nav\">&rarr;<\/span><\/a><\/p>\n","protected":false},"author":1,"featured_media":0,"parent":23,"menu_order":0,"comment_status":"closed","ping_status":"closed","template":"sidebar-page.php","meta":{"footnotes":""},"class_list":["post-381","page","type-page","status-publish","hentry"],"_links":{"self":[{"href":"https:\/\/carljohanrehbinder.se\/index.php\/wp-json\/wp\/v2\/pages\/381","targetHints":{"allow":["GET"]}}],"collection":[{"href":"https:\/\/carljohanrehbinder.se\/index.php\/wp-json\/wp\/v2\/pages"}],"about":[{"href":"https:\/\/carljohanrehbinder.se\/index.php\/wp-json\/wp\/v2\/types\/page"}],"author":[{"embeddable":true,"href":"https:\/\/carljohanrehbinder.se\/index.php\/wp-json\/wp\/v2\/users\/1"}],"replies":[{"embeddable":true,"href":"https:\/\/carljohanrehbinder.se\/index.php\/wp-json\/wp\/v2\/comments?post=381"}],"version-history":[{"count":6,"href":"https:\/\/carljohanrehbinder.se\/index.php\/wp-json\/wp\/v2\/pages\/381\/revisions"}],"predecessor-version":[{"id":398,"href":"https:\/\/carljohanrehbinder.se\/index.php\/wp-json\/wp\/v2\/pages\/381\/revisions\/398"}],"up":[{"embeddable":true,"href":"https:\/\/carljohanrehbinder.se\/index.php\/wp-json\/wp\/v2\/pages\/23"}],"wp:attachment":[{"href":"https:\/\/carljohanrehbinder.se\/index.php\/wp-json\/wp\/v2\/media?parent=381"}],"curies":[{"name":"wp","href":"https:\/\/api.w.org\/{rel}","templated":true}]}}