{"id":391,"date":"2026-05-09T14:11:54","date_gmt":"2026-05-09T12:11:54","guid":{"rendered":"https:\/\/carljohanrehbinder.se\/?page_id=391"},"modified":"2026-05-09T14:16:12","modified_gmt":"2026-05-09T12:16:12","slug":"the-carer","status":"publish","type":"page","link":"https:\/\/carljohanrehbinder.se\/index.php\/annat-skrivande\/the-carer\/","title":{"rendered":"The Carer"},"content":{"rendered":"<p><strong>2026-03-05<br \/>\n<img loading=\"lazy\" decoding=\"async\" src=\"http:\/\/carljohanrehbinder.se\/wp-content\/uploads\/2023\/12\/smapunktlinje_584.gif\" alt=\"\" width=\"584\" height=\"8\" \/><\/strong><\/p>\n<p><img loading=\"lazy\" decoding=\"async\" src=\"http:\/\/carljohanrehbinder.se\/wp-content\/uploads\/2026\/05\/the_carer.jpg\" alt=\"\" width=\"584\" height=\"329\" \/><\/p>\n<p>The Carer, en film regisserad av J\u00e1nos Edel\u00e9nyi 2016, med Brian Cox och Coco K\u00f6nig i huvudrollerna. Vid f\u00f6rsta anblicken s\u00e5g det ut att vara en lite sm\u00e5gullig film om v\u00e4nskap \u00f6ver generationsgr\u00e4nser, eller som den beskrivs p\u00e5 SvT Play \u2013 &#8221;en varm dramakomedi&#8221; \u2013 men denna film visade sig vara betydligt vassare \u00e4n s\u00e5.<\/p>\n<p>Brian Cox spelar den pensionerade stj\u00e4rnsk\u00e5despelaren Sir Michael Gifford, som gjort en str\u00e5lande karri\u00e4r, bor i ett tjusigt herres\u00e4te och blir k\u00f6rd i en gammal Bentley, av en gammal v\u00e4n och vapendragare, som ocks\u00e5 arbetar p\u00e5 Giffords g\u00e5rd, inte bara som chauff\u00f6r, utan \u00e4ven som tr\u00e4dg\u00e5rdsm\u00e4stare och lite av varje. P\u00e5 g\u00e5rden huserar \u00e4ven sk\u00e5despelarens syster, samt en tidigare \u00e4lskarinna, och alla tar de hand om den gamla stj\u00e4rnan, som lider av Parkinson, inkontinens och diverse andra \u00e5lderskr\u00e4mpor.<\/p>\n<p>Han beh\u00f6ver d\u00e4rf\u00f6r ocks\u00e5 enklare v\u00e5rd och omh\u00e4ndertagande, och f\u00f6r detta anlitas Dorottya, en ung ungersk kvinna spelad av Coco K\u00f6nig, som \u00e4r just en ung, ungersk sk\u00e5despelerska. Dorottya aspirerar ocks\u00e5 p\u00e5 att bli sk\u00e5despelerska, och s\u00f6ker en plats p\u00e5 en v\u00e4lrenommerad teaterskola.<\/p>\n<p>Sir Gifford \u00e4r en riktig gn\u00e4llspik, en frustrerad skitst\u00f6vel som f\u00f6rol\u00e4mpar till h\u00f6ger och v\u00e4nster, och klagar p\u00e5 allt. Men Dorottya vinner hans gunst i och med att de b\u00e5da har Shakespeare som gemensamt intresse \u2013 en dramaturgisk krok som tydligt \u00e5terinf\u00f6rlivas vid flera tillf\u00e4llen i filmen.<\/p>\n<p>Sir Gifford st\u00e5r inf\u00f6r att f\u00e5 ett pris f\u00f6r sitt livsverk, och det st\u00e4lls till med en hel del st\u00e5hej f\u00f6r detta, men familjens plan \u00e4r att dottern f\u00e5r ta emot priset \u00e5 hans v\u00e4gnar, eftersom alla tvivlar p\u00e5 att hans h\u00e4lsa r\u00e4cker till f\u00f6r att klara en s\u00e5dan utmaning. Dorottya uppmuntrar honom dock, och s\u00e5 kommer den stora dagen, och d\u00e5&#8230;<\/p>\n<p>Nej, jag ska inte ber\u00e4tta hela handlingen, det vore ju on\u00f6digt. Jag m\u00e5ste dock varmt rekommendera denna vackra och mustiga film, som \u00e4r gjord med stor k\u00e4rlek f\u00f6r sk\u00e5despelaryrket, f\u00f6r Shakespeare, f\u00f6r dramat &#8211; b\u00e5de p\u00e5 teatern och i livet. Jag blev sj\u00e4lv starkt ber\u00f6rd, b\u00e5de med bullriga skratt och t\u00e5rar. En film som var l\u00e5ngt \u00f6ver f\u00f6rv\u00e4ntan.<\/p>\n<p>Jag passade p\u00e5 att se filmen ett par g\u00e5nger, f\u00f6r att den var s\u00e5 njutbar. Det \u00e4r bra att se samma film flera g\u00e5nger om det \u00e4r en film man gillar \u2013 det finns alltid dimensioner man missar f\u00f6rsta g\u00e5ngen, som kan komma fram vid en andra och tredje g\u00e5ng. F\u00f6rsta g\u00e5ngen blev jag en smula betagen av den charmerande Dorottya, men n\u00e4r jag sett filmen igen kunde jag konstatera att den unga sk\u00e5despelerskan Coco K\u00f6nig lever mycket p\u00e5 sin sk\u00f6nhet och charm, medan det verkligt kraftfulla och mustiga sk\u00e5despeleriet levereras av den alltid briljante Brian Cox. Det \u00e4r Cox som fyller filmen med blod, svett, t\u00e5rar, \u00e5ngest, eufori \u2013 allt det d\u00e4r som f\u00e5r en ber\u00e4ttelse att lyfta till oanade h\u00f6jder.<\/p>\n<p><strong>Carl Johan Rehbinder 2026<\/strong><\/p>\n<p>&nbsp;<\/p>\n<p><strong><img loading=\"lazy\" decoding=\"async\" src=\"http:\/\/carljohanrehbinder.se\/wp-content\/uploads\/2023\/08\/dotted_line.jpg\" alt=\"\" width=\"584\" height=\"19\" \/><br \/>\n<a href=\"https:\/\/carljohanrehbinder.se\/index.php\/annat-skrivande\/\">Tillbaka till Annan text \u00bb<\/a><\/strong><\/p>\n<p><img loading=\"lazy\" decoding=\"async\" src=\"http:\/\/carljohanrehbinder.se\/wp-content\/uploads\/2023\/08\/cjr_banner.jpg\" alt=\"\" width=\"584\" height=\"109\" \/><\/p>\n","protected":false},"excerpt":{"rendered":"<p>2026-03-05 The Carer, en film regisserad av J\u00e1nos Edel\u00e9nyi 2016, med Brian Cox och Coco K\u00f6nig i huvudrollerna. Vid f\u00f6rsta anblicken s\u00e5g det ut att vara en lite sm\u00e5gullig film om v\u00e4nskap \u00f6ver generationsgr\u00e4nser, eller som den beskrivs p\u00e5 SvT &hellip; <a href=\"https:\/\/carljohanrehbinder.se\/index.php\/annat-skrivande\/the-carer\/\">Forts\u00e4tt l\u00e4sa <span class=\"meta-nav\">&rarr;<\/span><\/a><\/p>\n","protected":false},"author":1,"featured_media":0,"parent":23,"menu_order":0,"comment_status":"closed","ping_status":"closed","template":"sidebar-page.php","meta":{"footnotes":""},"class_list":["post-391","page","type-page","status-publish","hentry"],"_links":{"self":[{"href":"https:\/\/carljohanrehbinder.se\/index.php\/wp-json\/wp\/v2\/pages\/391","targetHints":{"allow":["GET"]}}],"collection":[{"href":"https:\/\/carljohanrehbinder.se\/index.php\/wp-json\/wp\/v2\/pages"}],"about":[{"href":"https:\/\/carljohanrehbinder.se\/index.php\/wp-json\/wp\/v2\/types\/page"}],"author":[{"embeddable":true,"href":"https:\/\/carljohanrehbinder.se\/index.php\/wp-json\/wp\/v2\/users\/1"}],"replies":[{"embeddable":true,"href":"https:\/\/carljohanrehbinder.se\/index.php\/wp-json\/wp\/v2\/comments?post=391"}],"version-history":[{"count":3,"href":"https:\/\/carljohanrehbinder.se\/index.php\/wp-json\/wp\/v2\/pages\/391\/revisions"}],"predecessor-version":[{"id":396,"href":"https:\/\/carljohanrehbinder.se\/index.php\/wp-json\/wp\/v2\/pages\/391\/revisions\/396"}],"up":[{"embeddable":true,"href":"https:\/\/carljohanrehbinder.se\/index.php\/wp-json\/wp\/v2\/pages\/23"}],"wp:attachment":[{"href":"https:\/\/carljohanrehbinder.se\/index.php\/wp-json\/wp\/v2\/media?parent=391"}],"curies":[{"name":"wp","href":"https:\/\/api.w.org\/{rel}","templated":true}]}}